{"id":133,"date":"2019-09-14T08:48:10","date_gmt":"2019-09-14T08:48:10","guid":{"rendered":"http:\/\/firatgida.com.tr\/?page_id=133"},"modified":"2019-09-14T08:48:10","modified_gmt":"2019-09-14T08:48:10","slug":"satis-ekibi","status":"publish","type":"page","link":"https:\/\/www.goncagida.com.tr\/index.php\/satis-ekibi\/","title":{"rendered":"Sipari\u015fleriniz \u0130\u00e7in"},"content":{"rendered":"\n<p><\/p>\n\n\n\n<p><strong>DEM\u0130REL UZBASAN (CATER\u0130NG)  GSM : 0 541 289 18 19<br><\/strong><\/p>\n\n\n\n<p><br>  <\/p>\n\n\n\n<p> <br>   <br>  <\/p>\n\n\n\n<p><\/p>\n","protected":false},"excerpt":{"rendered":"<p>DEM\u0130REL UZBASAN (CATER\u0130NG) GSM : 0 541 289 18 19<\/p>\n","protected":false},"author":1,"featured_media":116,"parent":0,"menu_order":0,"comment_status":"closed","ping_status":"closed","template":"","meta":{"footnotes":""},"class_list":["post-133","page","type-page","status-publish","has-post-thumbnail","hentry"],"_links":{"self":[{"href":"https:\/\/www.goncagida.com.tr\/index.php\/wp-json\/wp\/v2\/pages\/133","targetHints":{"allow":["GET"]}}],"collection":[{"href":"https:\/\/www.goncagida.com.tr\/index.php\/wp-json\/wp\/v2\/pages"}],"about":[{"href":"https:\/\/www.goncagida.com.tr\/index.php\/wp-json\/wp\/v2\/types\/page"}],"author":[{"embeddable":true,"href":"https:\/\/www.goncagida.com.tr\/index.php\/wp-json\/wp\/v2\/users\/1"}],"replies":[{"embeddable":true,"href":"https:\/\/www.goncagida.com.tr\/index.php\/wp-json\/wp\/v2\/comments?post=133"}],"version-history":[{"count":0,"href":"https:\/\/www.goncagida.com.tr\/index.php\/wp-json\/wp\/v2\/pages\/133\/revisions"}],"wp:featuredmedia":[{"embeddable":true,"href":"https:\/\/www.goncagida.com.tr\/index.php\/wp-json\/wp\/v2\/media\/116"}],"wp:attachment":[{"href":"https:\/\/www.goncagida.com.tr\/index.php\/wp-json\/wp\/v2\/media?parent=133"}],"curies":[{"name":"wp","href":"https:\/\/api.w.org\/{rel}","templated":true}]}}